{"id":300,"date":"2023-09-13T17:53:05","date_gmt":"2023-09-13T16:53:05","guid":{"rendered":"https:\/\/rundertisch-menschenrechte.at\/?page_id=300"},"modified":"2025-03-20T19:46:31","modified_gmt":"2025-03-20T18:46:31","slug":"startseite","status":"publish","type":"page","link":"https:\/\/rundertisch-menschenrechte.at\/","title":{"rendered":"Angelobung neuer Mitglieder"},"content":{"rendered":"\n<p>Zwei neue Mitglieder des Runden Tisches Menschenrechte wurden am 6. M\u00e4rz 2025 durch den B\u00fcrgermeister der Stadt Salzburg, Bernhard Auinger, angelobt. Wir freuen uns, dass Mag.a Verena Roschger und Mag. Andreas Zwettler als angelobte Mitglieder mit ihrer Expertise den Runden Tisch Menschenrechte der Stadt Salzburg bereichern.<\/p>\n\n\n\n<p>Im Bild neben B\u00fcrgermeister Bernhard Auinger und Mitgliedern des Runden Tisches Menschenrechte auch Mag. Peter Ebner, welcher seitens &#8222;Team Vielfalt&#8220; k\u00fcnftig die Koordination des Runden Tisches Menschenrechte \u00fcbernimmt.<\/p>\n\n\n\n<figure class=\"wp-block-image size-large\"><img loading=\"lazy\" decoding=\"async\" width=\"1024\" height=\"683\" src=\"https:\/\/rundertisch-menschenrechte.at\/wp-content\/uploads\/2025\/03\/Angelobung-RTMR-2025-02-1-1024x683.jpg\" alt=\"\" class=\"wp-image-535\" srcset=\"https:\/\/rundertisch-menschenrechte.at\/wp-content\/uploads\/2025\/03\/Angelobung-RTMR-2025-02-1-1024x683.jpg 1024w, https:\/\/rundertisch-menschenrechte.at\/wp-content\/uploads\/2025\/03\/Angelobung-RTMR-2025-02-1-300x200.jpg 300w, https:\/\/rundertisch-menschenrechte.at\/wp-content\/uploads\/2025\/03\/Angelobung-RTMR-2025-02-1-768x512.jpg 768w, https:\/\/rundertisch-menschenrechte.at\/wp-content\/uploads\/2025\/03\/Angelobung-RTMR-2025-02-1-1536x1024.jpg 1536w, https:\/\/rundertisch-menschenrechte.at\/wp-content\/uploads\/2025\/03\/Angelobung-RTMR-2025-02-1-2048x1365.jpg 2048w, https:\/\/rundertisch-menschenrechte.at\/wp-content\/uploads\/2025\/03\/Angelobung-RTMR-2025-02-1-1200x800.jpg 1200w\" sizes=\"auto, (max-width: 709px) 85vw, (max-width: 909px) 67vw, (max-width: 1362px) 62vw, 840px\" \/><\/figure>\n\n\n\n<h1 class=\"wp-block-heading\">Wohnbauf\u00f6rderungsverordnung 2025<\/h1>\n\n\n\n<p><strong>(25\/11\/2024) Der Entwurf der Wohnbauf\u00f6rderungsverordnung 2025 diskriminiert die Personen aus den Drittstaaten. Es wurde innerhalb der Begutachtungsfrist die Stellungnahme eingebracht und angeregt, diese und das Wohnbauf\u00f6rderungsgesetz 2025 grundlegend zu \u00fcberarbeiten.<\/strong><\/p>\n\n\n\n<ul class=\"wp-block-list\">\n<li><a href=\"https:\/\/rundertisch-menschenrechte.at\/wp-content\/uploads\/2024\/11\/Stellungnahme-SWFV-2025-25112024.pdf\"><strong>Stellungnahme zum Entwurf der Wohnbauf\u00f6rderungsverordnung 2025<\/strong><\/a><\/li>\n<\/ul>\n\n\n\n<h1 class=\"wp-block-heading\">Miteinander Menschenrechtsstadt Salzburg beleben<\/h1>\n\n\n\n<p><strong>(05\/06\/2024) Am 8. Mai 2024 wurde der neue Gemeinderat angelobt. Der Runde Tisch Menschenrechte l\u00e4dt die Stadtregierung und Gemeinder\u00e4t:innen zur Zusammenarbeit ein.<\/strong><\/p>\n\n\n\n<ul class=\"wp-block-list\">\n<li><strong><a href=\"https:\/\/rundertisch-menschenrechte.at\/wp-content\/uploads\/2024\/07\/Brief-an-Gemeinderat-24.pdf\">Brief an die Stadtregierung und Gemeinder\u00e4t:innen<\/a><\/strong><\/li>\n<\/ul>\n\n\n\n<h1 class=\"wp-block-heading\">Baden mit Burkini in st\u00e4dtischen Freib\u00e4dern und AYA-Bad erlaubt<\/h1>\n\n\n\n<p><strong>(31\/05\/2024) Seit 2017 war Baden mit Burkini in st\u00e4dtischen Freib\u00e4dern und AYA-Bad der Stadt Salzburg verboten. Durch die erneute Initiative des Runden Tisches Menschenrechte 2022 konnte diese diskriminierende Praxis beseitigt werden.<\/strong><\/p>\n\n\n\n<ul class=\"wp-block-list\">\n<li><strong><a href=\"https:\/\/rundertisch-menschenrechte.at\/wp-content\/uploads\/2024\/07\/Presseaussendung-Baden-mit-Burkini-2024.pdf\">Presseaussendung Baden mit Burkini<\/a><\/strong><\/li>\n<\/ul>\n\n\n\n<h1 class=\"wp-block-heading\">Alter und Pflege<\/h1>\n\n\n\n<p>(17\/10\/2023) <strong>Analyse der Situation von Migrant:innen, <strong>LSTBIQ Personen<\/strong><\/strong>, <strong>Personen mit psychischen Erkrankungen und\/oder Behinderung sowie Empfehlungen an die Stadt Salzburg wurden an die Stadtr\u00e4tin f\u00fcr Soziales Andrea Brandner \u00fcberreicht<\/strong>.<\/p>\n\n\n\n<p><strong><a href=\"https:\/\/rundertisch-menschenrechte.at\/wp-content\/uploads\/2023\/10\/Alter-und-Pflege-Empfehlungen-RTMR-1.pdf\" data-type=\"link\" data-id=\"https:\/\/rundertisch-menschenrechte.at\/wp-content\/uploads\/2023\/10\/Alter-und-Pflege-Empfehlungen-RTMR-1.pdf\">Alter und Pflege: Situation und Empfehlungen<\/a><\/strong><\/p>\n\n\n\n<p><a href=\"https:\/\/rundertisch-menschenrechte.at\/wp-content\/uploads\/2023\/11\/Presseaussendung-Alter-und-Pflege-RTMR-19102023.cleaned.pdf\"><strong>(19\/10\/2023) Presseaussendung Alter und Pflege<\/strong><\/a><\/p>\n\n\n\n<h1 class=\"wp-block-heading\">Kommunalverwaltungen und Menschenrechte<\/h1>\n\n\n\n<p>Die Stadt Salzburg wurde vom Hohen Kommissar der Vereinten Nationen f\u00fcr Menschenrechte <strong><u><a href=\"https:\/\/rundertisch-menschenrechte.at\/wp-content\/uploads\/2023\/10\/NV-call-for-inputs-local-governments-EN.cleaned.pdf\">aufgerufen<\/a><\/u><\/strong>, einen Beitrag f\u00fcr den Bericht nach der <strong><u><a href=\"https:\/\/rundertisch-menschenrechte.at\/wp-content\/uploads\/2023\/10\/Resolution-51-12-local-government-and-human-rights.pdf\">Resolution 51\/12 des Menschenrechtsrates \u00fcber Kommunalverwaltungen und Menschenrechte<\/a><\/u><\/strong> einzureichen.<\/p>\n\n\n\n<p>(29\/9\/2023) <strong>Beitrag des Runden Tisches Menschenrechte f\u00fcr den Hohen Kommissar der Vereinten Nationen f\u00fcr Menschenrechte zum Thema \u201eKommunalverwaltungen und Menschenrechte\u201c:<\/strong><\/p>\n\n\n\n<ul class=\"wp-block-list\">\n<li><strong><u><a href=\"https:\/\/rundertisch-menschenrechte.at\/wp-content\/uploads\/2023\/10\/Beitrag-UN-aus-Salzburg-2023.pdf\">Deutsch<\/a><\/u><\/strong><\/li>\n\n\n\n<li><strong><u><a href=\"https:\/\/rundertisch-menschenrechte.at\/wp-content\/uploads\/2023\/10\/Input-UN-City-of-Salzburg-2023.pdf\">Englisch<\/a><\/u><\/strong><\/li>\n<\/ul>\n","protected":false},"excerpt":{"rendered":"<p>Zwei neue Mitglieder des Runden Tisches Menschenrechte wurden am 6. M\u00e4rz 2025 durch den B\u00fcrgermeister der Stadt Salzburg, Bernhard Auinger, angelobt. Wir freuen uns, dass Mag.a Verena Roschger und Mag. Andreas Zwettler als angelobte Mitglieder mit ihrer Expertise den Runden Tisch Menschenrechte der Stadt Salzburg bereichern. Im Bild neben B\u00fcrgermeister Bernhard Auinger und Mitgliedern des &hellip; <a href=\"https:\/\/rundertisch-menschenrechte.at\/\" class=\"more-link\"><span class=\"screen-reader-text\">\u201eAngelobung neuer Mitglieder\u201c<\/span> weiterlesen<\/a><\/p>\n","protected":false},"author":1,"featured_media":0,"parent":0,"menu_order":0,"comment_status":"closed","ping_status":"closed","template":"","meta":{"footnotes":""},"class_list":["post-300","page","type-page","status-publish","hentry"],"_links":{"self":[{"href":"https:\/\/rundertisch-menschenrechte.at\/index.php\/wp-json\/wp\/v2\/pages\/300","targetHints":{"allow":["GET"]}}],"collection":[{"href":"https:\/\/rundertisch-menschenrechte.at\/index.php\/wp-json\/wp\/v2\/pages"}],"about":[{"href":"https:\/\/rundertisch-menschenrechte.at\/index.php\/wp-json\/wp\/v2\/types\/page"}],"author":[{"embeddable":true,"href":"https:\/\/rundertisch-menschenrechte.at\/index.php\/wp-json\/wp\/v2\/users\/1"}],"replies":[{"embeddable":true,"href":"https:\/\/rundertisch-menschenrechte.at\/index.php\/wp-json\/wp\/v2\/comments?post=300"}],"version-history":[{"count":44,"href":"https:\/\/rundertisch-menschenrechte.at\/index.php\/wp-json\/wp\/v2\/pages\/300\/revisions"}],"predecessor-version":[{"id":541,"href":"https:\/\/rundertisch-menschenrechte.at\/index.php\/wp-json\/wp\/v2\/pages\/300\/revisions\/541"}],"wp:attachment":[{"href":"https:\/\/rundertisch-menschenrechte.at\/index.php\/wp-json\/wp\/v2\/media?parent=300"}],"curies":[{"name":"wp","href":"https:\/\/api.w.org\/{rel}","templated":true}]}}